{"id":123,"date":"2022-01-28T13:01:14","date_gmt":"2022-01-28T12:01:14","guid":{"rendered":"http:\/\/lo.radzanow.edu.pl\/?page_id=123"},"modified":"2022-02-01T09:27:02","modified_gmt":"2022-02-01T08:27:02","slug":"oferta-edukacyjna","status":"publish","type":"page","link":"https:\/\/lo.radzanow.edu.pl\/?page_id=123","title":{"rendered":"OFERTA EDUKACYJNA"},"content":{"rendered":"\n<div class=\"wp-block-media-text alignwide has-media-on-the-right is-stacked-on-mobile is-vertically-aligned-center\" style=\"grid-template-columns:auto 31%\"><figure class=\"wp-block-media-text__media\"><img loading=\"lazy\" decoding=\"async\" width=\"1024\" height=\"684\" src=\"http:\/\/lo.radzanow.edu.pl\/wp-content\/uploads\/2022\/02\/DSC_2507-1024x684.jpg\" alt=\"\" class=\"wp-image-238 size-full\" srcset=\"https:\/\/lo.radzanow.edu.pl\/wp-content\/uploads\/2022\/02\/DSC_2507-1024x684.jpg 1024w, https:\/\/lo.radzanow.edu.pl\/wp-content\/uploads\/2022\/02\/DSC_2507-300x200.jpg 300w, https:\/\/lo.radzanow.edu.pl\/wp-content\/uploads\/2022\/02\/DSC_2507-768x513.jpg 768w, https:\/\/lo.radzanow.edu.pl\/wp-content\/uploads\/2022\/02\/DSC_2507-600x400.jpg 600w, https:\/\/lo.radzanow.edu.pl\/wp-content\/uploads\/2022\/02\/DSC_2507.jpg 1504w\" sizes=\"auto, (max-width: 1024px) 100vw, 1024px\" \/><\/figure><div class=\"wp-block-media-text__content\">\n<p>Serdecznie zapraszamy wszystkich absolwent\u00f3w szk\u00f3\u0142 podstawowych do naszego liceum, kt\u00f3re kszta\u0142ci w profilu og\u00f3lnym. Pragniemy zapewni\u0107, \u017ce szko\u0142a sprosta wymaganiom zar\u00f3wno m\u0142odzie\u017cy, jak i rodzic\u00f3w zar\u00f3wno w zakresie wychowania, bezpiecze\u0144stwa i edukacji. Zapewniamy do\u015bwiadczon\u0105, kreatywn\u0105 kadr\u0119, wysoki poziom nauczania, profesjonalne przygotowanie do nowej matury, mi\u0142\u0105, kameraln\u0105 atmosfer\u0119 i dobr\u0105 lokalizacj\u0119 i warunki lokalowe. Przewidujemy realizacj\u0119 innowacyjnych program\u00f3w nauczania przy mo\u017cliwo\u015bci wyr\u00f3wnywania zaleg\u0142o\u015bci, nauk\u0119 dw\u00f3ch j\u0119zyk\u00f3w nowo\u017cytnych: angielski i niemiecki, uczestnictwo w \u017cyciu sportowym i kulturalnym  i optymalne warunki edukacyjne. <\/p>\n<\/div><\/div>\n","protected":false},"excerpt":{"rendered":"<p>Serdecznie zapraszamy wszystkich absolwent\u00f3w szk\u00f3\u0142 podstawowych do naszego liceum, kt\u00f3re kszta\u0142ci w profilu og\u00f3lnym. Pragniemy zapewni\u0107, \u017ce szko\u0142a sprosta wymaganiom zar\u00f3wno m\u0142odzie\u017cy, jak i rodzic\u00f3w zar\u00f3wno w zakresie wychowania, bezpiecze\u0144stwa i edukacji. Zapewniamy do\u015bwiadczon\u0105, kreatywn\u0105 kadr\u0119, wysoki poziom nauczania, profesjonalne przygotowanie do nowej matury, mi\u0142\u0105, kameraln\u0105 atmosfer\u0119 i dobr\u0105 lokalizacj\u0119 i warunki lokalowe. Przewidujemy realizacj\u0119 innowacyjnych program\u00f3w nauczania przy mo\u017cliwo\u015bci [&hellip;]<\/p>\n","protected":false},"author":1,"featured_media":0,"parent":0,"menu_order":0,"comment_status":"closed","ping_status":"closed","template":"","meta":{"footnotes":""},"class_list":["post-123","page","type-page","status-publish","hentry"],"yoast_head":"<!-- This site is optimized with the Yoast SEO plugin v19.14 - https:\/\/yoast.com\/wordpress\/plugins\/seo\/ -->\n<title>Liceum Og\u00f3lnokszta\u0142c\u0105ce w Radzanowie<\/title>\n<meta name=\"description\" content=\"Zaplanuj przysz\u0142o\u015b\u0107 w Radzanowskim LO. Twoja kolej. Do\u0142\u0105cz do Nas!\" \/>\n<meta name=\"robots\" content=\"index, follow, max-snippet:-1, max-image-preview:large, max-video-preview:-1\" \/>\n<link rel=\"canonical\" href=\"https:\/\/lo.radzanow.edu.pl\/?page_id=123\" \/>\n<meta property=\"og:locale\" content=\"en_US\" \/>\n<meta property=\"og:type\" content=\"article\" \/>\n<meta property=\"og:title\" content=\"Liceum Og\u00f3lnokszta\u0142c\u0105ce w Radzanowie\" \/>\n<meta property=\"og:description\" content=\"Zaplanuj przysz\u0142o\u015b\u0107 w Radzanowskim LO. Twoja kolej. Do\u0142\u0105cz do Nas!\" \/>\n<meta property=\"og:url\" content=\"https:\/\/lo.radzanow.edu.pl\/?page_id=123\" \/>\n<meta property=\"og:site_name\" content=\"Liceum Og\u00f3lnokszta\u0142c\u0105ce w Radzanowie\" \/>\n<meta property=\"article:publisher\" content=\"https:\/\/www.facebook.com\/loradzanow\" \/>\n<meta property=\"article:modified_time\" content=\"2022-02-01T08:27:02+00:00\" \/>\n<meta property=\"og:image\" content=\"http:\/\/lo.radzanow.edu.pl\/wp-content\/uploads\/2022\/02\/DSC_2507-1024x684.jpg\" \/>\n<meta name=\"twitter:card\" content=\"summary_large_image\" \/>\n<meta name=\"twitter:label1\" content=\"Est. reading time\" \/>\n\t<meta name=\"twitter:data1\" content=\"1 minute\" \/>\n<script type=\"application\/ld+json\" class=\"yoast-schema-graph\">{\"@context\":\"https:\/\/schema.org\",\"@graph\":[{\"@type\":[\"Article\",\"BlogPosting\"],\"@id\":\"https:\/\/lo.radzanow.edu.pl\/?page_id=123#article\",\"isPartOf\":{\"@id\":\"https:\/\/lo.radzanow.edu.pl\/?page_id=123\"},\"author\":{\"name\":\"loadmin\",\"@id\":\"https:\/\/lo.radzanow.edu.pl\/#\/schema\/person\/b561cb48c33cafb7abfbc20a86cbe752\"},\"headline\":\"OFERTA EDUKACYJNA\",\"datePublished\":\"2022-01-28T12:01:14+00:00\",\"dateModified\":\"2022-02-01T08:27:02+00:00\",\"mainEntityOfPage\":{\"@id\":\"https:\/\/lo.radzanow.edu.pl\/?page_id=123\"},\"wordCount\":103,\"publisher\":{\"@id\":\"https:\/\/lo.radzanow.edu.pl\/#organization\"},\"inLanguage\":\"en-US\"},{\"@type\":\"WebPage\",\"@id\":\"https:\/\/lo.radzanow.edu.pl\/?page_id=123\",\"url\":\"https:\/\/lo.radzanow.edu.pl\/?page_id=123\",\"name\":\"Liceum Og\u00f3lnokszta\u0142c\u0105ce w Radzanowie\",\"isPartOf\":{\"@id\":\"https:\/\/lo.radzanow.edu.pl\/#website\"},\"datePublished\":\"2022-01-28T12:01:14+00:00\",\"dateModified\":\"2022-02-01T08:27:02+00:00\",\"description\":\"Zaplanuj przysz\u0142o\u015b\u0107 w Radzanowskim LO. Twoja kolej. Do\u0142\u0105cz do Nas!\",\"breadcrumb\":{\"@id\":\"https:\/\/lo.radzanow.edu.pl\/?page_id=123#breadcrumb\"},\"inLanguage\":\"en-US\",\"potentialAction\":[{\"@type\":\"ReadAction\",\"target\":[\"https:\/\/lo.radzanow.edu.pl\/?page_id=123\"]}]},{\"@type\":\"BreadcrumbList\",\"@id\":\"https:\/\/lo.radzanow.edu.pl\/?page_id=123#breadcrumb\",\"itemListElement\":[{\"@type\":\"ListItem\",\"position\":1,\"name\":\"Strona g\u0142\u00f3wna\",\"item\":\"https:\/\/lo.radzanow.edu.pl\/\"},{\"@type\":\"ListItem\",\"position\":2,\"name\":\"OFERTA EDUKACYJNA\"}]},{\"@type\":\"WebSite\",\"@id\":\"https:\/\/lo.radzanow.edu.pl\/#website\",\"url\":\"https:\/\/lo.radzanow.edu.pl\/\",\"name\":\"Liceum Og\u00f3lnokszta\u0142c\u0105ce w Radzanowie\",\"description\":\"Poznaj szko\u0142\u0119, kt\u00f3ra jest drabin\u0105 do nowoczesnego \u015bwiata\",\"publisher\":{\"@id\":\"https:\/\/lo.radzanow.edu.pl\/#organization\"},\"potentialAction\":[{\"@type\":\"SearchAction\",\"target\":{\"@type\":\"EntryPoint\",\"urlTemplate\":\"https:\/\/lo.radzanow.edu.pl\/?s={search_term_string}\"},\"query-input\":\"required name=search_term_string\"}],\"inLanguage\":\"en-US\"},{\"@type\":\"Organization\",\"@id\":\"https:\/\/lo.radzanow.edu.pl\/#organization\",\"name\":\"Liceum Og\u00f3lnokszta\u0142c\u0105ce w Radzanowie\",\"url\":\"https:\/\/lo.radzanow.edu.pl\/\",\"logo\":{\"@type\":\"ImageObject\",\"inLanguage\":\"en-US\",\"@id\":\"https:\/\/lo.radzanow.edu.pl\/#\/schema\/logo\/image\/\",\"url\":\"https:\/\/lo.radzanow.edu.pl\/wp-content\/uploads\/2022\/04\/cropped-logo9.png\",\"contentUrl\":\"https:\/\/lo.radzanow.edu.pl\/wp-content\/uploads\/2022\/04\/cropped-logo9.png\",\"width\":274,\"height\":52,\"caption\":\"Liceum Og\u00f3lnokszta\u0142c\u0105ce w Radzanowie\"},\"image\":{\"@id\":\"https:\/\/lo.radzanow.edu.pl\/#\/schema\/logo\/image\/\"},\"sameAs\":[\"https:\/\/www.instagram.com\/lo_radzanow\/\",\"https:\/\/www.facebook.com\/loradzanow\"]},{\"@type\":\"Person\",\"@id\":\"https:\/\/lo.radzanow.edu.pl\/#\/schema\/person\/b561cb48c33cafb7abfbc20a86cbe752\",\"name\":\"loadmin\",\"image\":{\"@type\":\"ImageObject\",\"inLanguage\":\"en-US\",\"@id\":\"https:\/\/lo.radzanow.edu.pl\/#\/schema\/person\/image\/\",\"url\":\"https:\/\/secure.gravatar.com\/avatar\/9623853edc10af47936706dcb9b0679b7258b5abd97dae411023ec99439ff58d?s=96&d=mm&r=g\",\"contentUrl\":\"https:\/\/secure.gravatar.com\/avatar\/9623853edc10af47936706dcb9b0679b7258b5abd97dae411023ec99439ff58d?s=96&d=mm&r=g\",\"caption\":\"loadmin\"},\"sameAs\":[\"http:\/\/lo.radzanow.edu.pl\"],\"url\":\"https:\/\/lo.radzanow.edu.pl\/?author=1\"}]}<\/script>\n<!-- \/ Yoast SEO plugin. -->","yoast_head_json":{"title":"Liceum Og\u00f3lnokszta\u0142c\u0105ce w Radzanowie","description":"Zaplanuj przysz\u0142o\u015b\u0107 w Radzanowskim LO. Twoja kolej. Do\u0142\u0105cz do Nas!","robots":{"index":"index","follow":"follow","max-snippet":"max-snippet:-1","max-image-preview":"max-image-preview:large","max-video-preview":"max-video-preview:-1"},"canonical":"https:\/\/lo.radzanow.edu.pl\/?page_id=123","og_locale":"en_US","og_type":"article","og_title":"Liceum Og\u00f3lnokszta\u0142c\u0105ce w Radzanowie","og_description":"Zaplanuj przysz\u0142o\u015b\u0107 w Radzanowskim LO. Twoja kolej. Do\u0142\u0105cz do Nas!","og_url":"https:\/\/lo.radzanow.edu.pl\/?page_id=123","og_site_name":"Liceum Og\u00f3lnokszta\u0142c\u0105ce w Radzanowie","article_publisher":"https:\/\/www.facebook.com\/loradzanow","article_modified_time":"2022-02-01T08:27:02+00:00","og_image":[{"url":"http:\/\/lo.radzanow.edu.pl\/wp-content\/uploads\/2022\/02\/DSC_2507-1024x684.jpg"}],"twitter_card":"summary_large_image","twitter_misc":{"Est. reading time":"1 minute"},"schema":{"@context":"https:\/\/schema.org","@graph":[{"@type":["Article","BlogPosting"],"@id":"https:\/\/lo.radzanow.edu.pl\/?page_id=123#article","isPartOf":{"@id":"https:\/\/lo.radzanow.edu.pl\/?page_id=123"},"author":{"name":"loadmin","@id":"https:\/\/lo.radzanow.edu.pl\/#\/schema\/person\/b561cb48c33cafb7abfbc20a86cbe752"},"headline":"OFERTA EDUKACYJNA","datePublished":"2022-01-28T12:01:14+00:00","dateModified":"2022-02-01T08:27:02+00:00","mainEntityOfPage":{"@id":"https:\/\/lo.radzanow.edu.pl\/?page_id=123"},"wordCount":103,"publisher":{"@id":"https:\/\/lo.radzanow.edu.pl\/#organization"},"inLanguage":"en-US"},{"@type":"WebPage","@id":"https:\/\/lo.radzanow.edu.pl\/?page_id=123","url":"https:\/\/lo.radzanow.edu.pl\/?page_id=123","name":"Liceum Og\u00f3lnokszta\u0142c\u0105ce w Radzanowie","isPartOf":{"@id":"https:\/\/lo.radzanow.edu.pl\/#website"},"datePublished":"2022-01-28T12:01:14+00:00","dateModified":"2022-02-01T08:27:02+00:00","description":"Zaplanuj przysz\u0142o\u015b\u0107 w Radzanowskim LO. Twoja kolej. Do\u0142\u0105cz do Nas!","breadcrumb":{"@id":"https:\/\/lo.radzanow.edu.pl\/?page_id=123#breadcrumb"},"inLanguage":"en-US","potentialAction":[{"@type":"ReadAction","target":["https:\/\/lo.radzanow.edu.pl\/?page_id=123"]}]},{"@type":"BreadcrumbList","@id":"https:\/\/lo.radzanow.edu.pl\/?page_id=123#breadcrumb","itemListElement":[{"@type":"ListItem","position":1,"name":"Strona g\u0142\u00f3wna","item":"https:\/\/lo.radzanow.edu.pl\/"},{"@type":"ListItem","position":2,"name":"OFERTA EDUKACYJNA"}]},{"@type":"WebSite","@id":"https:\/\/lo.radzanow.edu.pl\/#website","url":"https:\/\/lo.radzanow.edu.pl\/","name":"Liceum Og\u00f3lnokszta\u0142c\u0105ce w Radzanowie","description":"Poznaj szko\u0142\u0119, kt\u00f3ra jest drabin\u0105 do nowoczesnego \u015bwiata","publisher":{"@id":"https:\/\/lo.radzanow.edu.pl\/#organization"},"potentialAction":[{"@type":"SearchAction","target":{"@type":"EntryPoint","urlTemplate":"https:\/\/lo.radzanow.edu.pl\/?s={search_term_string}"},"query-input":"required name=search_term_string"}],"inLanguage":"en-US"},{"@type":"Organization","@id":"https:\/\/lo.radzanow.edu.pl\/#organization","name":"Liceum Og\u00f3lnokszta\u0142c\u0105ce w Radzanowie","url":"https:\/\/lo.radzanow.edu.pl\/","logo":{"@type":"ImageObject","inLanguage":"en-US","@id":"https:\/\/lo.radzanow.edu.pl\/#\/schema\/logo\/image\/","url":"https:\/\/lo.radzanow.edu.pl\/wp-content\/uploads\/2022\/04\/cropped-logo9.png","contentUrl":"https:\/\/lo.radzanow.edu.pl\/wp-content\/uploads\/2022\/04\/cropped-logo9.png","width":274,"height":52,"caption":"Liceum Og\u00f3lnokszta\u0142c\u0105ce w Radzanowie"},"image":{"@id":"https:\/\/lo.radzanow.edu.pl\/#\/schema\/logo\/image\/"},"sameAs":["https:\/\/www.instagram.com\/lo_radzanow\/","https:\/\/www.facebook.com\/loradzanow"]},{"@type":"Person","@id":"https:\/\/lo.radzanow.edu.pl\/#\/schema\/person\/b561cb48c33cafb7abfbc20a86cbe752","name":"loadmin","image":{"@type":"ImageObject","inLanguage":"en-US","@id":"https:\/\/lo.radzanow.edu.pl\/#\/schema\/person\/image\/","url":"https:\/\/secure.gravatar.com\/avatar\/9623853edc10af47936706dcb9b0679b7258b5abd97dae411023ec99439ff58d?s=96&d=mm&r=g","contentUrl":"https:\/\/secure.gravatar.com\/avatar\/9623853edc10af47936706dcb9b0679b7258b5abd97dae411023ec99439ff58d?s=96&d=mm&r=g","caption":"loadmin"},"sameAs":["http:\/\/lo.radzanow.edu.pl"],"url":"https:\/\/lo.radzanow.edu.pl\/?author=1"}]}},"_links":{"self":[{"href":"https:\/\/lo.radzanow.edu.pl\/index.php?rest_route=\/wp\/v2\/pages\/123","targetHints":{"allow":["GET"]}}],"collection":[{"href":"https:\/\/lo.radzanow.edu.pl\/index.php?rest_route=\/wp\/v2\/pages"}],"about":[{"href":"https:\/\/lo.radzanow.edu.pl\/index.php?rest_route=\/wp\/v2\/types\/page"}],"author":[{"embeddable":true,"href":"https:\/\/lo.radzanow.edu.pl\/index.php?rest_route=\/wp\/v2\/users\/1"}],"replies":[{"embeddable":true,"href":"https:\/\/lo.radzanow.edu.pl\/index.php?rest_route=%2Fwp%2Fv2%2Fcomments&post=123"}],"version-history":[{"count":2,"href":"https:\/\/lo.radzanow.edu.pl\/index.php?rest_route=\/wp\/v2\/pages\/123\/revisions"}],"predecessor-version":[{"id":239,"href":"https:\/\/lo.radzanow.edu.pl\/index.php?rest_route=\/wp\/v2\/pages\/123\/revisions\/239"}],"wp:attachment":[{"href":"https:\/\/lo.radzanow.edu.pl\/index.php?rest_route=%2Fwp%2Fv2%2Fmedia&parent=123"}],"curies":[{"name":"wp","href":"https:\/\/api.w.org\/{rel}","templated":true}]}}