{"id":143,"date":"2022-01-28T13:03:36","date_gmt":"2022-01-28T12:03:36","guid":{"rendered":"http:\/\/lo.radzanow.edu.pl\/?page_id=143"},"modified":"2025-07-03T15:17:59","modified_gmt":"2025-07-03T13:17:59","slug":"tablica-ogloszen","status":"publish","type":"page","link":"https:\/\/lo.radzanow.edu.pl\/?page_id=143","title":{"rendered":"WYKAZ PODR\u0118CZNIK\u00d3W"},"content":{"rendered":"\n<figure class=\"wp-block-pullquote\"><blockquote><p>KLASA I 4-letnie LO 2025-2026 (podr\u0119czniki)<\/p><cite><a href=\"https:\/\/lo.radzanow.edu.pl\/wp-content\/uploads\/2024\/08\/KLASA-I-LO-rok-szkolny-2024.2025-podreczniki.docx\">P<\/a><a href=\"https:\/\/lo.radzanow.edu.pl\/wp-content\/uploads\/2025\/07\/Podreczniki-kl.I-LO.docx\">OBIERZ<\/a><\/cite><\/blockquote><\/figure>\n\n\n\n<figure class=\"wp-block-pullquote\"><blockquote><p>KLASA I 4-letnie LO 2025-2026 (zestawy \u0107wiczeniowe)<\/p><cite><a href=\"https:\/\/lo.radzanow.edu.pl\/wp-content\/uploads\/2025\/07\/cwiczenia-klasa-I-LO.docx\">POBIERZ<\/a><\/cite><\/blockquote><\/figure>\n\n\n\n<figure class=\"wp-block-pullquote\"><blockquote><p>KLASA II 4-letnie LO 2025-2026 (podr\u0119czniki)<\/p><cite><a href=\"https:\/\/lo.radzanow.edu.pl\/wp-content\/uploads\/2025\/07\/Podreczniki-kl.-II-LO.docx\">POBIERZ<\/a><\/cite><\/blockquote><\/figure>\n\n\n\n<figure class=\"wp-block-pullquote\"><blockquote><p>KLASA II 4-letnie LO 2025-2026 (zestawy \u0107wiczeniowe)<\/p><cite><a href=\"https:\/\/lo.radzanow.edu.pl\/wp-content\/uploads\/2025\/07\/cwiczenia-klasa-II-LO.docx\">POBIERZ<\/a><\/cite><\/blockquote><\/figure>\n\n\n\n<figure class=\"wp-block-pullquote\"><blockquote><p>KLASA III 4-letnie LO 2025-2026 (podr\u0119czniki)<\/p><cite><a href=\"https:\/\/lo.radzanow.edu.pl\/wp-content\/uploads\/2025\/07\/Podreczniki-kl.-III-LO.docx\">POBIERZ<\/a><\/cite><\/blockquote><\/figure>\n\n\n\n<figure class=\"wp-block-pullquote\"><blockquote><p>KLASA III 4-letnie LO 2025-2026 (zestawy \u0107wiczeniowe)<\/p><cite><a href=\"https:\/\/lo.radzanow.edu.pl\/wp-content\/uploads\/2025\/07\/cwiczenia-klasa-III-LO.docx\">POBIERZ<\/a><\/cite><\/blockquote><\/figure>\n\n\n\n<figure class=\"wp-block-pullquote\"><blockquote><p>KLASA IV 4-letnie LO 2025-2026 (podr\u0119czniki)<\/p><cite><a href=\"https:\/\/lo.radzanow.edu.pl\/wp-content\/uploads\/2025\/07\/Podreczniki-klasa-IV-LO.docx\">POBIERZ<\/a><\/cite><\/blockquote><\/figure>\n\n\n\n<figure class=\"wp-block-pullquote\"><blockquote><p>KLASA IV 4-letnie LO 2025-2026 (zestawy \u0107wiczeniowe)<\/p><cite><a href=\"https:\/\/lo.radzanow.edu.pl\/wp-content\/uploads\/2025\/07\/cwiczenia-klasa-IV.docx\">POBIERZ<\/a><\/cite><\/blockquote><\/figure>\n","protected":false},"excerpt":{"rendered":"<p>KLASA I 4-letnie LO 2025-2026 (podr\u0119czniki) POBIERZ KLASA I 4-letnie LO 2025-2026 (zestawy \u0107wiczeniowe) POBIERZ KLASA II 4-letnie LO 2025-2026 (podr\u0119czniki) POBIERZ KLASA II 4-letnie LO 2025-2026 (zestawy \u0107wiczeniowe) POBIERZ KLASA III 4-letnie LO 2025-2026 (podr\u0119czniki) POBIERZ KLASA III 4-letnie LO 2025-2026 (zestawy \u0107wiczeniowe) POBIERZ KLASA IV 4-letnie LO 2025-2026 (podr\u0119czniki) POBIERZ KLASA IV 4-letnie LO 2025-2026 (zestawy \u0107wiczeniowe) POBIERZ<\/p>\n","protected":false},"author":1,"featured_media":0,"parent":0,"menu_order":0,"comment_status":"closed","ping_status":"closed","template":"","meta":{"footnotes":""},"class_list":["post-143","page","type-page","status-publish","hentry"],"yoast_head":"<!-- This site is optimized with the Yoast SEO plugin v19.14 - https:\/\/yoast.com\/wordpress\/plugins\/seo\/ -->\n<title>Liceum Og\u00f3lnokszta\u0142c\u0105ce w Radzanowie<\/title>\n<meta name=\"description\" content=\"Zaplanuj przysz\u0142o\u015b\u0107 w Radzanowskim LO. Twoja kolej. Do\u0142\u0105cz do Nas!\" \/>\n<meta name=\"robots\" content=\"index, follow, max-snippet:-1, max-image-preview:large, max-video-preview:-1\" \/>\n<link rel=\"canonical\" href=\"https:\/\/lo.radzanow.edu.pl\/?page_id=143\" \/>\n<meta property=\"og:locale\" content=\"en_US\" \/>\n<meta property=\"og:type\" content=\"article\" \/>\n<meta property=\"og:title\" content=\"Liceum Og\u00f3lnokszta\u0142c\u0105ce w Radzanowie\" \/>\n<meta property=\"og:description\" content=\"Zaplanuj przysz\u0142o\u015b\u0107 w Radzanowskim LO. Twoja kolej. Do\u0142\u0105cz do Nas!\" \/>\n<meta property=\"og:url\" content=\"https:\/\/lo.radzanow.edu.pl\/?page_id=143\" \/>\n<meta property=\"og:site_name\" content=\"Liceum Og\u00f3lnokszta\u0142c\u0105ce w Radzanowie\" \/>\n<meta property=\"article:publisher\" content=\"https:\/\/www.facebook.com\/loradzanow\" \/>\n<meta property=\"article:modified_time\" content=\"2025-07-03T13:17:59+00:00\" \/>\n<meta name=\"twitter:card\" content=\"summary_large_image\" \/>\n<meta name=\"twitter:label1\" content=\"Est. reading time\" \/>\n\t<meta name=\"twitter:data1\" content=\"1 minute\" \/>\n<script type=\"application\/ld+json\" class=\"yoast-schema-graph\">{\"@context\":\"https:\/\/schema.org\",\"@graph\":[{\"@type\":[\"Article\",\"BlogPosting\"],\"@id\":\"https:\/\/lo.radzanow.edu.pl\/?page_id=143#article\",\"isPartOf\":{\"@id\":\"https:\/\/lo.radzanow.edu.pl\/?page_id=143\"},\"author\":{\"name\":\"loadmin\",\"@id\":\"https:\/\/lo.radzanow.edu.pl\/#\/schema\/person\/b561cb48c33cafb7abfbc20a86cbe752\"},\"headline\":\"WYKAZ PODR\u0118CZNIK\u00d3W\",\"datePublished\":\"2022-01-28T12:03:36+00:00\",\"dateModified\":\"2025-07-03T13:17:59+00:00\",\"mainEntityOfPage\":{\"@id\":\"https:\/\/lo.radzanow.edu.pl\/?page_id=143\"},\"wordCount\":69,\"publisher\":{\"@id\":\"https:\/\/lo.radzanow.edu.pl\/#organization\"},\"inLanguage\":\"en-US\"},{\"@type\":\"WebPage\",\"@id\":\"https:\/\/lo.radzanow.edu.pl\/?page_id=143\",\"url\":\"https:\/\/lo.radzanow.edu.pl\/?page_id=143\",\"name\":\"Liceum Og\u00f3lnokszta\u0142c\u0105ce w Radzanowie\",\"isPartOf\":{\"@id\":\"https:\/\/lo.radzanow.edu.pl\/#website\"},\"datePublished\":\"2022-01-28T12:03:36+00:00\",\"dateModified\":\"2025-07-03T13:17:59+00:00\",\"description\":\"Zaplanuj przysz\u0142o\u015b\u0107 w Radzanowskim LO. Twoja kolej. Do\u0142\u0105cz do Nas!\",\"breadcrumb\":{\"@id\":\"https:\/\/lo.radzanow.edu.pl\/?page_id=143#breadcrumb\"},\"inLanguage\":\"en-US\",\"potentialAction\":[{\"@type\":\"ReadAction\",\"target\":[\"https:\/\/lo.radzanow.edu.pl\/?page_id=143\"]}]},{\"@type\":\"BreadcrumbList\",\"@id\":\"https:\/\/lo.radzanow.edu.pl\/?page_id=143#breadcrumb\",\"itemListElement\":[{\"@type\":\"ListItem\",\"position\":1,\"name\":\"Strona g\u0142\u00f3wna\",\"item\":\"https:\/\/lo.radzanow.edu.pl\/\"},{\"@type\":\"ListItem\",\"position\":2,\"name\":\"WYKAZ PODR\u0118CZNIK\u00d3W\"}]},{\"@type\":\"WebSite\",\"@id\":\"https:\/\/lo.radzanow.edu.pl\/#website\",\"url\":\"https:\/\/lo.radzanow.edu.pl\/\",\"name\":\"Liceum Og\u00f3lnokszta\u0142c\u0105ce w Radzanowie\",\"description\":\"Poznaj szko\u0142\u0119, kt\u00f3ra jest drabin\u0105 do nowoczesnego \u015bwiata\",\"publisher\":{\"@id\":\"https:\/\/lo.radzanow.edu.pl\/#organization\"},\"potentialAction\":[{\"@type\":\"SearchAction\",\"target\":{\"@type\":\"EntryPoint\",\"urlTemplate\":\"https:\/\/lo.radzanow.edu.pl\/?s={search_term_string}\"},\"query-input\":\"required name=search_term_string\"}],\"inLanguage\":\"en-US\"},{\"@type\":\"Organization\",\"@id\":\"https:\/\/lo.radzanow.edu.pl\/#organization\",\"name\":\"Liceum Og\u00f3lnokszta\u0142c\u0105ce w Radzanowie\",\"url\":\"https:\/\/lo.radzanow.edu.pl\/\",\"logo\":{\"@type\":\"ImageObject\",\"inLanguage\":\"en-US\",\"@id\":\"https:\/\/lo.radzanow.edu.pl\/#\/schema\/logo\/image\/\",\"url\":\"https:\/\/lo.radzanow.edu.pl\/wp-content\/uploads\/2022\/04\/cropped-logo9.png\",\"contentUrl\":\"https:\/\/lo.radzanow.edu.pl\/wp-content\/uploads\/2022\/04\/cropped-logo9.png\",\"width\":274,\"height\":52,\"caption\":\"Liceum Og\u00f3lnokszta\u0142c\u0105ce w Radzanowie\"},\"image\":{\"@id\":\"https:\/\/lo.radzanow.edu.pl\/#\/schema\/logo\/image\/\"},\"sameAs\":[\"https:\/\/www.instagram.com\/lo_radzanow\/\",\"https:\/\/www.facebook.com\/loradzanow\"]},{\"@type\":\"Person\",\"@id\":\"https:\/\/lo.radzanow.edu.pl\/#\/schema\/person\/b561cb48c33cafb7abfbc20a86cbe752\",\"name\":\"loadmin\",\"image\":{\"@type\":\"ImageObject\",\"inLanguage\":\"en-US\",\"@id\":\"https:\/\/lo.radzanow.edu.pl\/#\/schema\/person\/image\/\",\"url\":\"https:\/\/secure.gravatar.com\/avatar\/9623853edc10af47936706dcb9b0679b7258b5abd97dae411023ec99439ff58d?s=96&d=mm&r=g\",\"contentUrl\":\"https:\/\/secure.gravatar.com\/avatar\/9623853edc10af47936706dcb9b0679b7258b5abd97dae411023ec99439ff58d?s=96&d=mm&r=g\",\"caption\":\"loadmin\"},\"sameAs\":[\"http:\/\/lo.radzanow.edu.pl\"],\"url\":\"https:\/\/lo.radzanow.edu.pl\/?author=1\"}]}<\/script>\n<!-- \/ Yoast SEO plugin. -->","yoast_head_json":{"title":"Liceum Og\u00f3lnokszta\u0142c\u0105ce w Radzanowie","description":"Zaplanuj przysz\u0142o\u015b\u0107 w Radzanowskim LO. Twoja kolej. Do\u0142\u0105cz do Nas!","robots":{"index":"index","follow":"follow","max-snippet":"max-snippet:-1","max-image-preview":"max-image-preview:large","max-video-preview":"max-video-preview:-1"},"canonical":"https:\/\/lo.radzanow.edu.pl\/?page_id=143","og_locale":"en_US","og_type":"article","og_title":"Liceum Og\u00f3lnokszta\u0142c\u0105ce w Radzanowie","og_description":"Zaplanuj przysz\u0142o\u015b\u0107 w Radzanowskim LO. Twoja kolej. Do\u0142\u0105cz do Nas!","og_url":"https:\/\/lo.radzanow.edu.pl\/?page_id=143","og_site_name":"Liceum Og\u00f3lnokszta\u0142c\u0105ce w Radzanowie","article_publisher":"https:\/\/www.facebook.com\/loradzanow","article_modified_time":"2025-07-03T13:17:59+00:00","twitter_card":"summary_large_image","twitter_misc":{"Est. reading time":"1 minute"},"schema":{"@context":"https:\/\/schema.org","@graph":[{"@type":["Article","BlogPosting"],"@id":"https:\/\/lo.radzanow.edu.pl\/?page_id=143#article","isPartOf":{"@id":"https:\/\/lo.radzanow.edu.pl\/?page_id=143"},"author":{"name":"loadmin","@id":"https:\/\/lo.radzanow.edu.pl\/#\/schema\/person\/b561cb48c33cafb7abfbc20a86cbe752"},"headline":"WYKAZ PODR\u0118CZNIK\u00d3W","datePublished":"2022-01-28T12:03:36+00:00","dateModified":"2025-07-03T13:17:59+00:00","mainEntityOfPage":{"@id":"https:\/\/lo.radzanow.edu.pl\/?page_id=143"},"wordCount":69,"publisher":{"@id":"https:\/\/lo.radzanow.edu.pl\/#organization"},"inLanguage":"en-US"},{"@type":"WebPage","@id":"https:\/\/lo.radzanow.edu.pl\/?page_id=143","url":"https:\/\/lo.radzanow.edu.pl\/?page_id=143","name":"Liceum Og\u00f3lnokszta\u0142c\u0105ce w Radzanowie","isPartOf":{"@id":"https:\/\/lo.radzanow.edu.pl\/#website"},"datePublished":"2022-01-28T12:03:36+00:00","dateModified":"2025-07-03T13:17:59+00:00","description":"Zaplanuj przysz\u0142o\u015b\u0107 w Radzanowskim LO. Twoja kolej. Do\u0142\u0105cz do Nas!","breadcrumb":{"@id":"https:\/\/lo.radzanow.edu.pl\/?page_id=143#breadcrumb"},"inLanguage":"en-US","potentialAction":[{"@type":"ReadAction","target":["https:\/\/lo.radzanow.edu.pl\/?page_id=143"]}]},{"@type":"BreadcrumbList","@id":"https:\/\/lo.radzanow.edu.pl\/?page_id=143#breadcrumb","itemListElement":[{"@type":"ListItem","position":1,"name":"Strona g\u0142\u00f3wna","item":"https:\/\/lo.radzanow.edu.pl\/"},{"@type":"ListItem","position":2,"name":"WYKAZ PODR\u0118CZNIK\u00d3W"}]},{"@type":"WebSite","@id":"https:\/\/lo.radzanow.edu.pl\/#website","url":"https:\/\/lo.radzanow.edu.pl\/","name":"Liceum Og\u00f3lnokszta\u0142c\u0105ce w Radzanowie","description":"Poznaj szko\u0142\u0119, kt\u00f3ra jest drabin\u0105 do nowoczesnego \u015bwiata","publisher":{"@id":"https:\/\/lo.radzanow.edu.pl\/#organization"},"potentialAction":[{"@type":"SearchAction","target":{"@type":"EntryPoint","urlTemplate":"https:\/\/lo.radzanow.edu.pl\/?s={search_term_string}"},"query-input":"required name=search_term_string"}],"inLanguage":"en-US"},{"@type":"Organization","@id":"https:\/\/lo.radzanow.edu.pl\/#organization","name":"Liceum Og\u00f3lnokszta\u0142c\u0105ce w Radzanowie","url":"https:\/\/lo.radzanow.edu.pl\/","logo":{"@type":"ImageObject","inLanguage":"en-US","@id":"https:\/\/lo.radzanow.edu.pl\/#\/schema\/logo\/image\/","url":"https:\/\/lo.radzanow.edu.pl\/wp-content\/uploads\/2022\/04\/cropped-logo9.png","contentUrl":"https:\/\/lo.radzanow.edu.pl\/wp-content\/uploads\/2022\/04\/cropped-logo9.png","width":274,"height":52,"caption":"Liceum Og\u00f3lnokszta\u0142c\u0105ce w Radzanowie"},"image":{"@id":"https:\/\/lo.radzanow.edu.pl\/#\/schema\/logo\/image\/"},"sameAs":["https:\/\/www.instagram.com\/lo_radzanow\/","https:\/\/www.facebook.com\/loradzanow"]},{"@type":"Person","@id":"https:\/\/lo.radzanow.edu.pl\/#\/schema\/person\/b561cb48c33cafb7abfbc20a86cbe752","name":"loadmin","image":{"@type":"ImageObject","inLanguage":"en-US","@id":"https:\/\/lo.radzanow.edu.pl\/#\/schema\/person\/image\/","url":"https:\/\/secure.gravatar.com\/avatar\/9623853edc10af47936706dcb9b0679b7258b5abd97dae411023ec99439ff58d?s=96&d=mm&r=g","contentUrl":"https:\/\/secure.gravatar.com\/avatar\/9623853edc10af47936706dcb9b0679b7258b5abd97dae411023ec99439ff58d?s=96&d=mm&r=g","caption":"loadmin"},"sameAs":["http:\/\/lo.radzanow.edu.pl"],"url":"https:\/\/lo.radzanow.edu.pl\/?author=1"}]}},"_links":{"self":[{"href":"https:\/\/lo.radzanow.edu.pl\/index.php?rest_route=\/wp\/v2\/pages\/143","targetHints":{"allow":["GET"]}}],"collection":[{"href":"https:\/\/lo.radzanow.edu.pl\/index.php?rest_route=\/wp\/v2\/pages"}],"about":[{"href":"https:\/\/lo.radzanow.edu.pl\/index.php?rest_route=\/wp\/v2\/types\/page"}],"author":[{"embeddable":true,"href":"https:\/\/lo.radzanow.edu.pl\/index.php?rest_route=\/wp\/v2\/users\/1"}],"replies":[{"embeddable":true,"href":"https:\/\/lo.radzanow.edu.pl\/index.php?rest_route=%2Fwp%2Fv2%2Fcomments&post=143"}],"version-history":[{"count":20,"href":"https:\/\/lo.radzanow.edu.pl\/index.php?rest_route=\/wp\/v2\/pages\/143\/revisions"}],"predecessor-version":[{"id":2375,"href":"https:\/\/lo.radzanow.edu.pl\/index.php?rest_route=\/wp\/v2\/pages\/143\/revisions\/2375"}],"wp:attachment":[{"href":"https:\/\/lo.radzanow.edu.pl\/index.php?rest_route=%2Fwp%2Fv2%2Fmedia&parent=143"}],"curies":[{"name":"wp","href":"https:\/\/api.w.org\/{rel}","templated":true}]}}