{"id":155,"date":"2022-01-28T13:04:49","date_gmt":"2022-01-28T12:04:49","guid":{"rendered":"http:\/\/lo.radzanow.edu.pl\/?page_id=155"},"modified":"2022-04-28T13:13:44","modified_gmt":"2022-04-28T11:13:44","slug":"statut-szkoly","status":"publish","type":"page","link":"https:\/\/lo.radzanow.edu.pl\/?page_id=155","title":{"rendered":"STATUT SZKO\u0141Y"},"content":{"rendered":"\n<figure class=\"wp-block-pullquote has-text-align-center\"><blockquote><p>Statut LO Radzan\u00f3w <a href=\"https:\/\/lo.radzanow.edu.pl\/wp-content\/uploads\/2022\/04\/Statut-LO-Radzanow.pdf\" data-type=\"URL\" target=\"_blank\" rel=\"noreferrer noopener\"><img loading=\"lazy\" decoding=\"async\" width=\"30\" height=\"30\" class=\"wp-image-243\" style=\"width: 30px;\" src=\"http:\/\/lo.radzanow.edu.pl\/wp-content\/uploads\/2022\/02\/ikona-PDF_imagelarge.png\" alt=\"\" srcset=\"https:\/\/lo.radzanow.edu.pl\/wp-content\/uploads\/2022\/02\/ikona-PDF_imagelarge.png 512w, https:\/\/lo.radzanow.edu.pl\/wp-content\/uploads\/2022\/02\/ikona-PDF_imagelarge-300x300.png 300w, https:\/\/lo.radzanow.edu.pl\/wp-content\/uploads\/2022\/02\/ikona-PDF_imagelarge-150x150.png 150w\" sizes=\"auto, (max-width: 30px) 100vw, 30px\" \/><\/a><\/p><\/blockquote><\/figure>\n","protected":false},"excerpt":{"rendered":"<p>Statut LO Radzan\u00f3w<\/p>\n","protected":false},"author":1,"featured_media":0,"parent":0,"menu_order":0,"comment_status":"closed","ping_status":"closed","template":"","meta":{"footnotes":""},"class_list":["post-155","page","type-page","status-publish","hentry"],"yoast_head":"<!-- This site is optimized with the Yoast SEO plugin v19.14 - https:\/\/yoast.com\/wordpress\/plugins\/seo\/ -->\n<title>Liceum Og\u00f3lnokszta\u0142c\u0105ce w Radzanowie<\/title>\n<meta name=\"description\" content=\"Zaplanuj przysz\u0142o\u015b\u0107 w Radzanowskim LO. Twoja kolej. Do\u0142\u0105cz do Nas!\" \/>\n<meta name=\"robots\" content=\"index, follow, max-snippet:-1, max-image-preview:large, max-video-preview:-1\" \/>\n<link rel=\"canonical\" href=\"https:\/\/lo.radzanow.edu.pl\/?page_id=155\" \/>\n<meta property=\"og:locale\" content=\"en_US\" \/>\n<meta property=\"og:type\" content=\"article\" \/>\n<meta property=\"og:title\" content=\"Liceum Og\u00f3lnokszta\u0142c\u0105ce w Radzanowie\" \/>\n<meta property=\"og:description\" content=\"Zaplanuj przysz\u0142o\u015b\u0107 w Radzanowskim LO. Twoja kolej. Do\u0142\u0105cz do Nas!\" \/>\n<meta property=\"og:url\" content=\"https:\/\/lo.radzanow.edu.pl\/?page_id=155\" \/>\n<meta property=\"og:site_name\" content=\"Liceum Og\u00f3lnokszta\u0142c\u0105ce w Radzanowie\" \/>\n<meta property=\"article:publisher\" content=\"https:\/\/www.facebook.com\/loradzanow\" \/>\n<meta property=\"article:modified_time\" content=\"2022-04-28T11:13:44+00:00\" \/>\n<meta property=\"og:image\" content=\"http:\/\/lo.radzanow.edu.pl\/wp-content\/uploads\/2022\/02\/ikona-PDF_imagelarge.png\" \/>\n<meta name=\"twitter:card\" content=\"summary_large_image\" \/>\n<script type=\"application\/ld+json\" class=\"yoast-schema-graph\">{\"@context\":\"https:\/\/schema.org\",\"@graph\":[{\"@type\":[\"Article\",\"BlogPosting\"],\"@id\":\"https:\/\/lo.radzanow.edu.pl\/?page_id=155#article\",\"isPartOf\":{\"@id\":\"https:\/\/lo.radzanow.edu.pl\/?page_id=155\"},\"author\":{\"name\":\"loadmin\",\"@id\":\"https:\/\/lo.radzanow.edu.pl\/#\/schema\/person\/b561cb48c33cafb7abfbc20a86cbe752\"},\"headline\":\"STATUT SZKO\u0141Y\",\"datePublished\":\"2022-01-28T12:04:49+00:00\",\"dateModified\":\"2022-04-28T11:13:44+00:00\",\"mainEntityOfPage\":{\"@id\":\"https:\/\/lo.radzanow.edu.pl\/?page_id=155\"},\"wordCount\":7,\"publisher\":{\"@id\":\"https:\/\/lo.radzanow.edu.pl\/#organization\"},\"inLanguage\":\"en-US\"},{\"@type\":\"WebPage\",\"@id\":\"https:\/\/lo.radzanow.edu.pl\/?page_id=155\",\"url\":\"https:\/\/lo.radzanow.edu.pl\/?page_id=155\",\"name\":\"Liceum Og\u00f3lnokszta\u0142c\u0105ce w Radzanowie\",\"isPartOf\":{\"@id\":\"https:\/\/lo.radzanow.edu.pl\/#website\"},\"datePublished\":\"2022-01-28T12:04:49+00:00\",\"dateModified\":\"2022-04-28T11:13:44+00:00\",\"description\":\"Zaplanuj przysz\u0142o\u015b\u0107 w Radzanowskim LO. Twoja kolej. Do\u0142\u0105cz do Nas!\",\"breadcrumb\":{\"@id\":\"https:\/\/lo.radzanow.edu.pl\/?page_id=155#breadcrumb\"},\"inLanguage\":\"en-US\",\"potentialAction\":[{\"@type\":\"ReadAction\",\"target\":[\"https:\/\/lo.radzanow.edu.pl\/?page_id=155\"]}]},{\"@type\":\"BreadcrumbList\",\"@id\":\"https:\/\/lo.radzanow.edu.pl\/?page_id=155#breadcrumb\",\"itemListElement\":[{\"@type\":\"ListItem\",\"position\":1,\"name\":\"Strona g\u0142\u00f3wna\",\"item\":\"https:\/\/lo.radzanow.edu.pl\/\"},{\"@type\":\"ListItem\",\"position\":2,\"name\":\"STATUT SZKO\u0141Y\"}]},{\"@type\":\"WebSite\",\"@id\":\"https:\/\/lo.radzanow.edu.pl\/#website\",\"url\":\"https:\/\/lo.radzanow.edu.pl\/\",\"name\":\"Liceum Og\u00f3lnokszta\u0142c\u0105ce w Radzanowie\",\"description\":\"Poznaj szko\u0142\u0119, kt\u00f3ra jest drabin\u0105 do nowoczesnego \u015bwiata\",\"publisher\":{\"@id\":\"https:\/\/lo.radzanow.edu.pl\/#organization\"},\"potentialAction\":[{\"@type\":\"SearchAction\",\"target\":{\"@type\":\"EntryPoint\",\"urlTemplate\":\"https:\/\/lo.radzanow.edu.pl\/?s={search_term_string}\"},\"query-input\":\"required name=search_term_string\"}],\"inLanguage\":\"en-US\"},{\"@type\":\"Organization\",\"@id\":\"https:\/\/lo.radzanow.edu.pl\/#organization\",\"name\":\"Liceum Og\u00f3lnokszta\u0142c\u0105ce w Radzanowie\",\"url\":\"https:\/\/lo.radzanow.edu.pl\/\",\"logo\":{\"@type\":\"ImageObject\",\"inLanguage\":\"en-US\",\"@id\":\"https:\/\/lo.radzanow.edu.pl\/#\/schema\/logo\/image\/\",\"url\":\"https:\/\/lo.radzanow.edu.pl\/wp-content\/uploads\/2022\/04\/cropped-logo9.png\",\"contentUrl\":\"https:\/\/lo.radzanow.edu.pl\/wp-content\/uploads\/2022\/04\/cropped-logo9.png\",\"width\":274,\"height\":52,\"caption\":\"Liceum Og\u00f3lnokszta\u0142c\u0105ce w Radzanowie\"},\"image\":{\"@id\":\"https:\/\/lo.radzanow.edu.pl\/#\/schema\/logo\/image\/\"},\"sameAs\":[\"https:\/\/www.instagram.com\/lo_radzanow\/\",\"https:\/\/www.facebook.com\/loradzanow\"]},{\"@type\":\"Person\",\"@id\":\"https:\/\/lo.radzanow.edu.pl\/#\/schema\/person\/b561cb48c33cafb7abfbc20a86cbe752\",\"name\":\"loadmin\",\"image\":{\"@type\":\"ImageObject\",\"inLanguage\":\"en-US\",\"@id\":\"https:\/\/lo.radzanow.edu.pl\/#\/schema\/person\/image\/\",\"url\":\"https:\/\/secure.gravatar.com\/avatar\/9623853edc10af47936706dcb9b0679b7258b5abd97dae411023ec99439ff58d?s=96&d=mm&r=g\",\"contentUrl\":\"https:\/\/secure.gravatar.com\/avatar\/9623853edc10af47936706dcb9b0679b7258b5abd97dae411023ec99439ff58d?s=96&d=mm&r=g\",\"caption\":\"loadmin\"},\"sameAs\":[\"http:\/\/lo.radzanow.edu.pl\"],\"url\":\"https:\/\/lo.radzanow.edu.pl\/?author=1\"}]}<\/script>\n<!-- \/ Yoast SEO plugin. -->","yoast_head_json":{"title":"Liceum Og\u00f3lnokszta\u0142c\u0105ce w Radzanowie","description":"Zaplanuj przysz\u0142o\u015b\u0107 w Radzanowskim LO. Twoja kolej. Do\u0142\u0105cz do Nas!","robots":{"index":"index","follow":"follow","max-snippet":"max-snippet:-1","max-image-preview":"max-image-preview:large","max-video-preview":"max-video-preview:-1"},"canonical":"https:\/\/lo.radzanow.edu.pl\/?page_id=155","og_locale":"en_US","og_type":"article","og_title":"Liceum Og\u00f3lnokszta\u0142c\u0105ce w Radzanowie","og_description":"Zaplanuj przysz\u0142o\u015b\u0107 w Radzanowskim LO. Twoja kolej. Do\u0142\u0105cz do Nas!","og_url":"https:\/\/lo.radzanow.edu.pl\/?page_id=155","og_site_name":"Liceum Og\u00f3lnokszta\u0142c\u0105ce w Radzanowie","article_publisher":"https:\/\/www.facebook.com\/loradzanow","article_modified_time":"2022-04-28T11:13:44+00:00","og_image":[{"url":"http:\/\/lo.radzanow.edu.pl\/wp-content\/uploads\/2022\/02\/ikona-PDF_imagelarge.png"}],"twitter_card":"summary_large_image","schema":{"@context":"https:\/\/schema.org","@graph":[{"@type":["Article","BlogPosting"],"@id":"https:\/\/lo.radzanow.edu.pl\/?page_id=155#article","isPartOf":{"@id":"https:\/\/lo.radzanow.edu.pl\/?page_id=155"},"author":{"name":"loadmin","@id":"https:\/\/lo.radzanow.edu.pl\/#\/schema\/person\/b561cb48c33cafb7abfbc20a86cbe752"},"headline":"STATUT SZKO\u0141Y","datePublished":"2022-01-28T12:04:49+00:00","dateModified":"2022-04-28T11:13:44+00:00","mainEntityOfPage":{"@id":"https:\/\/lo.radzanow.edu.pl\/?page_id=155"},"wordCount":7,"publisher":{"@id":"https:\/\/lo.radzanow.edu.pl\/#organization"},"inLanguage":"en-US"},{"@type":"WebPage","@id":"https:\/\/lo.radzanow.edu.pl\/?page_id=155","url":"https:\/\/lo.radzanow.edu.pl\/?page_id=155","name":"Liceum Og\u00f3lnokszta\u0142c\u0105ce w Radzanowie","isPartOf":{"@id":"https:\/\/lo.radzanow.edu.pl\/#website"},"datePublished":"2022-01-28T12:04:49+00:00","dateModified":"2022-04-28T11:13:44+00:00","description":"Zaplanuj przysz\u0142o\u015b\u0107 w Radzanowskim LO. Twoja kolej. Do\u0142\u0105cz do Nas!","breadcrumb":{"@id":"https:\/\/lo.radzanow.edu.pl\/?page_id=155#breadcrumb"},"inLanguage":"en-US","potentialAction":[{"@type":"ReadAction","target":["https:\/\/lo.radzanow.edu.pl\/?page_id=155"]}]},{"@type":"BreadcrumbList","@id":"https:\/\/lo.radzanow.edu.pl\/?page_id=155#breadcrumb","itemListElement":[{"@type":"ListItem","position":1,"name":"Strona g\u0142\u00f3wna","item":"https:\/\/lo.radzanow.edu.pl\/"},{"@type":"ListItem","position":2,"name":"STATUT SZKO\u0141Y"}]},{"@type":"WebSite","@id":"https:\/\/lo.radzanow.edu.pl\/#website","url":"https:\/\/lo.radzanow.edu.pl\/","name":"Liceum Og\u00f3lnokszta\u0142c\u0105ce w Radzanowie","description":"Poznaj szko\u0142\u0119, kt\u00f3ra jest drabin\u0105 do nowoczesnego \u015bwiata","publisher":{"@id":"https:\/\/lo.radzanow.edu.pl\/#organization"},"potentialAction":[{"@type":"SearchAction","target":{"@type":"EntryPoint","urlTemplate":"https:\/\/lo.radzanow.edu.pl\/?s={search_term_string}"},"query-input":"required name=search_term_string"}],"inLanguage":"en-US"},{"@type":"Organization","@id":"https:\/\/lo.radzanow.edu.pl\/#organization","name":"Liceum Og\u00f3lnokszta\u0142c\u0105ce w Radzanowie","url":"https:\/\/lo.radzanow.edu.pl\/","logo":{"@type":"ImageObject","inLanguage":"en-US","@id":"https:\/\/lo.radzanow.edu.pl\/#\/schema\/logo\/image\/","url":"https:\/\/lo.radzanow.edu.pl\/wp-content\/uploads\/2022\/04\/cropped-logo9.png","contentUrl":"https:\/\/lo.radzanow.edu.pl\/wp-content\/uploads\/2022\/04\/cropped-logo9.png","width":274,"height":52,"caption":"Liceum Og\u00f3lnokszta\u0142c\u0105ce w Radzanowie"},"image":{"@id":"https:\/\/lo.radzanow.edu.pl\/#\/schema\/logo\/image\/"},"sameAs":["https:\/\/www.instagram.com\/lo_radzanow\/","https:\/\/www.facebook.com\/loradzanow"]},{"@type":"Person","@id":"https:\/\/lo.radzanow.edu.pl\/#\/schema\/person\/b561cb48c33cafb7abfbc20a86cbe752","name":"loadmin","image":{"@type":"ImageObject","inLanguage":"en-US","@id":"https:\/\/lo.radzanow.edu.pl\/#\/schema\/person\/image\/","url":"https:\/\/secure.gravatar.com\/avatar\/9623853edc10af47936706dcb9b0679b7258b5abd97dae411023ec99439ff58d?s=96&d=mm&r=g","contentUrl":"https:\/\/secure.gravatar.com\/avatar\/9623853edc10af47936706dcb9b0679b7258b5abd97dae411023ec99439ff58d?s=96&d=mm&r=g","caption":"loadmin"},"sameAs":["http:\/\/lo.radzanow.edu.pl"],"url":"https:\/\/lo.radzanow.edu.pl\/?author=1"}]}},"_links":{"self":[{"href":"https:\/\/lo.radzanow.edu.pl\/index.php?rest_route=\/wp\/v2\/pages\/155","targetHints":{"allow":["GET"]}}],"collection":[{"href":"https:\/\/lo.radzanow.edu.pl\/index.php?rest_route=\/wp\/v2\/pages"}],"about":[{"href":"https:\/\/lo.radzanow.edu.pl\/index.php?rest_route=\/wp\/v2\/types\/page"}],"author":[{"embeddable":true,"href":"https:\/\/lo.radzanow.edu.pl\/index.php?rest_route=\/wp\/v2\/users\/1"}],"replies":[{"embeddable":true,"href":"https:\/\/lo.radzanow.edu.pl\/index.php?rest_route=%2Fwp%2Fv2%2Fcomments&post=155"}],"version-history":[{"count":5,"href":"https:\/\/lo.radzanow.edu.pl\/index.php?rest_route=\/wp\/v2\/pages\/155\/revisions"}],"predecessor-version":[{"id":409,"href":"https:\/\/lo.radzanow.edu.pl\/index.php?rest_route=\/wp\/v2\/pages\/155\/revisions\/409"}],"wp:attachment":[{"href":"https:\/\/lo.radzanow.edu.pl\/index.php?rest_route=%2Fwp%2Fv2%2Fmedia&parent=155"}],"curies":[{"name":"wp","href":"https:\/\/api.w.org\/{rel}","templated":true}]}}