{"id":272,"date":"2022-03-22T12:29:08","date_gmt":"2022-03-22T11:29:08","guid":{"rendered":"http:\/\/lo.radzanow.edu.pl\/?page_id=272"},"modified":"2022-03-22T12:35:41","modified_gmt":"2022-03-22T11:35:41","slug":"szkolny-radiowezel","status":"publish","type":"page","link":"https:\/\/lo.radzanow.edu.pl\/?page_id=272","title":{"rendered":"SZKOLNY RADIOW\u0118ZE\u0141"},"content":{"rendered":"\n<p><strong>REGULAMIN RADIOW\u0118Z\u0141A <\/strong><\/p>\n\n\n\n<p>w Liceum Og\u00f3lnokszta\u0142c\u0105cym w Radzanowie<\/p>\n\n\n\n<p>Cele i&nbsp;zadania Radiow\u0119z\u0142a Szkolnego:<\/p>\n\n\n\n<ol class=\"wp-block-list\"><li>wszechstronne uwra\u017cliwienie uczni\u00f3w w&nbsp;zakresie wiedzy muzycznej oraz szerzenie pozytywnych warto\u015bci przez muzyk\u0119,<\/li><li>pe\u0142nienie funkcji rozrywkowej, edukacyjnej i&nbsp;informacyjnej,<\/li><li>wsp\u00f3\u0142praca z&nbsp;Dyrekcj\u0105, Rad\u0105 Pedagogiczn\u0105 oraz z&nbsp;Samorz\u0105dem Uczniowskim.<\/li><\/ol>\n\n\n\n<p>1)&nbsp;Radiow\u0119ze\u0142 dzia\u0142a zgodnie z&nbsp;przyj\u0119tym regulaminem i&nbsp;uzgodnionym planem pracy.<\/p>\n\n\n\n<p>2)&nbsp;Na pocz\u0105tku roku szkolnego przeprowadza si\u0119 rekrutacj\u0119 do Radiow\u0119z\u0142a. Osobami odpowiedzialnymi za powo\u0142anie zespo\u0142u Radiow\u0119z\u0142a s\u0105 nauczyciele-opiekuni. Sk\u0142ad osobowy Radiow\u0119z\u0142a uzupe\u0142niany jest w&nbsp;miar\u0119 potrzeb.<\/p>\n\n\n\n<p>3)&nbsp;Redakcja Radiow\u0119z\u0142a podzielona jest na zespo\u0142y, pracuj\u0105ce w&nbsp;poszczeg\u00f3lne dni tygodnia. Dy\u017cury zmieniane s\u0105 cyklicznie wed\u0142ug harmonogramu.<\/p>\n\n\n\n<p>4)&nbsp;Kadencja Redakcji trwa przez okres roku szkolnego.<\/p>\n\n\n\n<p>5)&nbsp;Radiow\u0119ze\u0142 nadaje wy\u0142\u0105cznie w&nbsp;czasie d\u0142ugich przerw .<\/p>\n\n\n\n<p>6)&nbsp;Radiow\u0119ze\u0142 aktywnie uczestniczy w&nbsp;\u017cyciu szko\u0142y.<\/p>\n\n\n\n<p>7)&nbsp;Zesp\u00f3\u0142 Radiow\u0119z\u0142a dba o&nbsp;estetyczny wygl\u0105d pomieszczenia. Wystr\u00f3j wn\u0119trza powinien by\u0107 zgodny z&nbsp;jego przeznaczeniem.<\/p>\n\n\n\n<p>8)&nbsp;Redakcja odpowiada za tre\u015b\u0107 muzyczn\u0105 i&nbsp;s\u0142own\u0105 emitowanych audycji. Programy przygotowane przez zesp\u00f3\u0142 dy\u017curuj\u0105cy nie mog\u0105 zawiera\u0107 zwrot\u00f3w powszechnie uznawanych za wulgarne, rasistowskich, obra\u017aliwych, b\u0105d\u017a godz\u0105cych w&nbsp;uczucia innych lub dobre imi\u0119 szko\u0142y.<\/p>\n\n\n\n<p>9)&nbsp;Radiow\u0119ze\u0142 dostosowuje prezentowan\u0105 muzyk\u0119 do kalendarza imprez i&nbsp;uroczysto\u015bci szkolnych, \u015bwi\u0105t pa\u0144stwowych, rocznic itp.<\/p>\n\n\n\n<p>10)&nbsp;W&nbsp;pomieszczeniu radiow\u0119z\u0142a mog\u0105 przebywa\u0107 wy\u0142\u0105cznie uczniowie do tego upowa\u017cnieni, kt\u00f3rzy pod \u017cadnym pozorem nie mog\u0105 si\u0119 w&nbsp;nim zamyka\u0107 na klucz.<\/p>\n\n\n\n<p>11)&nbsp;Klucz do radiow\u0119z\u0142a znajduje w&nbsp;Sekretariacie.<\/p>\n\n\n\n<p>12)&nbsp;Redakcja Radiow\u0119z\u0142a jest odpowiedzialna za u\u017cywany sprz\u0119t \u2013 dba o&nbsp;jego w\u0142a\u015bciwe wykorzystanie i&nbsp;stan techniczny.<\/p>\n\n\n\n<p>13)&nbsp;Wszelkie uszkodzenia nale\u017cy niezw\u0142ocznie zg\u0142osi\u0107 opiekunom.<\/p>\n\n\n\n<p>14)&nbsp;Radiow\u0119ze\u0142 jest otwarty na inicjatywy p\u0142yn\u0105ce z&nbsp;zewn\u0105trz.<\/p>\n\n\n\n<p>Zgodnie z art. 24, 27, 29 ustawy z dnia 4 lutego 1994 r.&nbsp;<em>O&nbsp;prawie autorskim i&nbsp;prawach pokrewnych<\/em>&nbsp;(Dz.&nbsp;U.&nbsp;2019 poz. 1231 ze zm.) instytucje o\u015bwiatowe, w&nbsp;tym szko\u0142y, mog\u0105 bez zgody tw\u00f3rc\u00f3w, artyst\u00f3w, wykonawc\u00f3w, producent\u00f3w, nadawc\u00f3w, wydawc\u00f3w i&nbsp;bez zap\u0142aty im wynagrodzenia korzysta\u0107 z&nbsp;rozpowszechnionych utwor\u00f3w i&nbsp;pozosta\u0142ych d\u00f3br pokrewnych.<\/p>\n\n\n\n<p><\/p>\n\n\n\n<p><strong>Lista os\u00f3b, kt\u00f3re tworz\u0105 Redakcj\u0119 Szkolnego Radiow\u0119z\u0142a<\/strong>:<\/p>\n","protected":false},"excerpt":{"rendered":"<p>REGULAMIN RADIOW\u0118Z\u0141A w Liceum Og\u00f3lnokszta\u0142c\u0105cym w Radzanowie Cele i&nbsp;zadania Radiow\u0119z\u0142a Szkolnego: wszechstronne uwra\u017cliwienie uczni\u00f3w w&nbsp;zakresie wiedzy muzycznej oraz szerzenie pozytywnych warto\u015bci przez muzyk\u0119, pe\u0142nienie funkcji rozrywkowej, edukacyjnej i&nbsp;informacyjnej, wsp\u00f3\u0142praca z&nbsp;Dyrekcj\u0105, Rad\u0105 Pedagogiczn\u0105 oraz z&nbsp;Samorz\u0105dem Uczniowskim. 1)&nbsp;Radiow\u0119ze\u0142 dzia\u0142a zgodnie z&nbsp;przyj\u0119tym regulaminem i&nbsp;uzgodnionym planem pracy. 2)&nbsp;Na pocz\u0105tku roku szkolnego przeprowadza si\u0119 rekrutacj\u0119 do Radiow\u0119z\u0142a. Osobami odpowiedzialnymi za powo\u0142anie zespo\u0142u Radiow\u0119z\u0142a s\u0105 nauczyciele-opiekuni. [&hellip;]<\/p>\n","protected":false},"author":1,"featured_media":0,"parent":0,"menu_order":0,"comment_status":"closed","ping_status":"closed","template":"","meta":{"footnotes":""},"class_list":["post-272","page","type-page","status-publish","hentry"],"yoast_head":"<!-- This site is optimized with the Yoast SEO plugin v19.14 - https:\/\/yoast.com\/wordpress\/plugins\/seo\/ -->\n<title>Liceum Og\u00f3lnokszta\u0142c\u0105ce w Radzanowie<\/title>\n<meta name=\"description\" content=\"Zaplanuj przysz\u0142o\u015b\u0107 w Radzanowskim LO. Twoja kolej. Do\u0142\u0105cz do Nas!\" \/>\n<meta name=\"robots\" content=\"index, follow, max-snippet:-1, max-image-preview:large, max-video-preview:-1\" \/>\n<link rel=\"canonical\" href=\"https:\/\/lo.radzanow.edu.pl\/?page_id=272\" \/>\n<meta property=\"og:locale\" content=\"en_US\" \/>\n<meta property=\"og:type\" content=\"article\" \/>\n<meta property=\"og:title\" content=\"Liceum Og\u00f3lnokszta\u0142c\u0105ce w Radzanowie\" \/>\n<meta property=\"og:description\" content=\"Zaplanuj przysz\u0142o\u015b\u0107 w Radzanowskim LO. Twoja kolej. Do\u0142\u0105cz do Nas!\" \/>\n<meta property=\"og:url\" content=\"https:\/\/lo.radzanow.edu.pl\/?page_id=272\" \/>\n<meta property=\"og:site_name\" content=\"Liceum Og\u00f3lnokszta\u0142c\u0105ce w Radzanowie\" \/>\n<meta property=\"article:publisher\" content=\"https:\/\/www.facebook.com\/loradzanow\" \/>\n<meta property=\"article:modified_time\" content=\"2022-03-22T11:35:41+00:00\" \/>\n<meta name=\"twitter:card\" content=\"summary_large_image\" \/>\n<meta name=\"twitter:label1\" content=\"Est. reading time\" \/>\n\t<meta name=\"twitter:data1\" content=\"2 minutes\" \/>\n<script type=\"application\/ld+json\" class=\"yoast-schema-graph\">{\"@context\":\"https:\/\/schema.org\",\"@graph\":[{\"@type\":[\"Article\",\"BlogPosting\"],\"@id\":\"https:\/\/lo.radzanow.edu.pl\/?page_id=272#article\",\"isPartOf\":{\"@id\":\"https:\/\/lo.radzanow.edu.pl\/?page_id=272\"},\"author\":{\"name\":\"loadmin\",\"@id\":\"https:\/\/lo.radzanow.edu.pl\/#\/schema\/person\/b561cb48c33cafb7abfbc20a86cbe752\"},\"headline\":\"SZKOLNY RADIOW\u0118ZE\u0141\",\"datePublished\":\"2022-03-22T11:29:08+00:00\",\"dateModified\":\"2022-03-22T11:35:41+00:00\",\"mainEntityOfPage\":{\"@id\":\"https:\/\/lo.radzanow.edu.pl\/?page_id=272\"},\"wordCount\":426,\"publisher\":{\"@id\":\"https:\/\/lo.radzanow.edu.pl\/#organization\"},\"inLanguage\":\"en-US\"},{\"@type\":\"WebPage\",\"@id\":\"https:\/\/lo.radzanow.edu.pl\/?page_id=272\",\"url\":\"https:\/\/lo.radzanow.edu.pl\/?page_id=272\",\"name\":\"Liceum Og\u00f3lnokszta\u0142c\u0105ce w Radzanowie\",\"isPartOf\":{\"@id\":\"https:\/\/lo.radzanow.edu.pl\/#website\"},\"datePublished\":\"2022-03-22T11:29:08+00:00\",\"dateModified\":\"2022-03-22T11:35:41+00:00\",\"description\":\"Zaplanuj przysz\u0142o\u015b\u0107 w Radzanowskim LO. Twoja kolej. Do\u0142\u0105cz do Nas!\",\"breadcrumb\":{\"@id\":\"https:\/\/lo.radzanow.edu.pl\/?page_id=272#breadcrumb\"},\"inLanguage\":\"en-US\",\"potentialAction\":[{\"@type\":\"ReadAction\",\"target\":[\"https:\/\/lo.radzanow.edu.pl\/?page_id=272\"]}]},{\"@type\":\"BreadcrumbList\",\"@id\":\"https:\/\/lo.radzanow.edu.pl\/?page_id=272#breadcrumb\",\"itemListElement\":[{\"@type\":\"ListItem\",\"position\":1,\"name\":\"Strona g\u0142\u00f3wna\",\"item\":\"https:\/\/lo.radzanow.edu.pl\/\"},{\"@type\":\"ListItem\",\"position\":2,\"name\":\"SZKOLNY RADIOW\u0118ZE\u0141\"}]},{\"@type\":\"WebSite\",\"@id\":\"https:\/\/lo.radzanow.edu.pl\/#website\",\"url\":\"https:\/\/lo.radzanow.edu.pl\/\",\"name\":\"Liceum Og\u00f3lnokszta\u0142c\u0105ce w Radzanowie\",\"description\":\"Poznaj szko\u0142\u0119, kt\u00f3ra jest drabin\u0105 do nowoczesnego \u015bwiata\",\"publisher\":{\"@id\":\"https:\/\/lo.radzanow.edu.pl\/#organization\"},\"potentialAction\":[{\"@type\":\"SearchAction\",\"target\":{\"@type\":\"EntryPoint\",\"urlTemplate\":\"https:\/\/lo.radzanow.edu.pl\/?s={search_term_string}\"},\"query-input\":\"required name=search_term_string\"}],\"inLanguage\":\"en-US\"},{\"@type\":\"Organization\",\"@id\":\"https:\/\/lo.radzanow.edu.pl\/#organization\",\"name\":\"Liceum Og\u00f3lnokszta\u0142c\u0105ce w Radzanowie\",\"url\":\"https:\/\/lo.radzanow.edu.pl\/\",\"logo\":{\"@type\":\"ImageObject\",\"inLanguage\":\"en-US\",\"@id\":\"https:\/\/lo.radzanow.edu.pl\/#\/schema\/logo\/image\/\",\"url\":\"https:\/\/lo.radzanow.edu.pl\/wp-content\/uploads\/2022\/04\/cropped-logo9.png\",\"contentUrl\":\"https:\/\/lo.radzanow.edu.pl\/wp-content\/uploads\/2022\/04\/cropped-logo9.png\",\"width\":274,\"height\":52,\"caption\":\"Liceum Og\u00f3lnokszta\u0142c\u0105ce w Radzanowie\"},\"image\":{\"@id\":\"https:\/\/lo.radzanow.edu.pl\/#\/schema\/logo\/image\/\"},\"sameAs\":[\"https:\/\/www.instagram.com\/lo_radzanow\/\",\"https:\/\/www.facebook.com\/loradzanow\"]},{\"@type\":\"Person\",\"@id\":\"https:\/\/lo.radzanow.edu.pl\/#\/schema\/person\/b561cb48c33cafb7abfbc20a86cbe752\",\"name\":\"loadmin\",\"image\":{\"@type\":\"ImageObject\",\"inLanguage\":\"en-US\",\"@id\":\"https:\/\/lo.radzanow.edu.pl\/#\/schema\/person\/image\/\",\"url\":\"https:\/\/secure.gravatar.com\/avatar\/9623853edc10af47936706dcb9b0679b7258b5abd97dae411023ec99439ff58d?s=96&d=mm&r=g\",\"contentUrl\":\"https:\/\/secure.gravatar.com\/avatar\/9623853edc10af47936706dcb9b0679b7258b5abd97dae411023ec99439ff58d?s=96&d=mm&r=g\",\"caption\":\"loadmin\"},\"sameAs\":[\"http:\/\/lo.radzanow.edu.pl\"],\"url\":\"https:\/\/lo.radzanow.edu.pl\/?author=1\"}]}<\/script>\n<!-- \/ Yoast SEO plugin. -->","yoast_head_json":{"title":"Liceum Og\u00f3lnokszta\u0142c\u0105ce w Radzanowie","description":"Zaplanuj przysz\u0142o\u015b\u0107 w Radzanowskim LO. Twoja kolej. Do\u0142\u0105cz do Nas!","robots":{"index":"index","follow":"follow","max-snippet":"max-snippet:-1","max-image-preview":"max-image-preview:large","max-video-preview":"max-video-preview:-1"},"canonical":"https:\/\/lo.radzanow.edu.pl\/?page_id=272","og_locale":"en_US","og_type":"article","og_title":"Liceum Og\u00f3lnokszta\u0142c\u0105ce w Radzanowie","og_description":"Zaplanuj przysz\u0142o\u015b\u0107 w Radzanowskim LO. Twoja kolej. Do\u0142\u0105cz do Nas!","og_url":"https:\/\/lo.radzanow.edu.pl\/?page_id=272","og_site_name":"Liceum Og\u00f3lnokszta\u0142c\u0105ce w Radzanowie","article_publisher":"https:\/\/www.facebook.com\/loradzanow","article_modified_time":"2022-03-22T11:35:41+00:00","twitter_card":"summary_large_image","twitter_misc":{"Est. reading time":"2 minutes"},"schema":{"@context":"https:\/\/schema.org","@graph":[{"@type":["Article","BlogPosting"],"@id":"https:\/\/lo.radzanow.edu.pl\/?page_id=272#article","isPartOf":{"@id":"https:\/\/lo.radzanow.edu.pl\/?page_id=272"},"author":{"name":"loadmin","@id":"https:\/\/lo.radzanow.edu.pl\/#\/schema\/person\/b561cb48c33cafb7abfbc20a86cbe752"},"headline":"SZKOLNY RADIOW\u0118ZE\u0141","datePublished":"2022-03-22T11:29:08+00:00","dateModified":"2022-03-22T11:35:41+00:00","mainEntityOfPage":{"@id":"https:\/\/lo.radzanow.edu.pl\/?page_id=272"},"wordCount":426,"publisher":{"@id":"https:\/\/lo.radzanow.edu.pl\/#organization"},"inLanguage":"en-US"},{"@type":"WebPage","@id":"https:\/\/lo.radzanow.edu.pl\/?page_id=272","url":"https:\/\/lo.radzanow.edu.pl\/?page_id=272","name":"Liceum Og\u00f3lnokszta\u0142c\u0105ce w Radzanowie","isPartOf":{"@id":"https:\/\/lo.radzanow.edu.pl\/#website"},"datePublished":"2022-03-22T11:29:08+00:00","dateModified":"2022-03-22T11:35:41+00:00","description":"Zaplanuj przysz\u0142o\u015b\u0107 w Radzanowskim LO. Twoja kolej. Do\u0142\u0105cz do Nas!","breadcrumb":{"@id":"https:\/\/lo.radzanow.edu.pl\/?page_id=272#breadcrumb"},"inLanguage":"en-US","potentialAction":[{"@type":"ReadAction","target":["https:\/\/lo.radzanow.edu.pl\/?page_id=272"]}]},{"@type":"BreadcrumbList","@id":"https:\/\/lo.radzanow.edu.pl\/?page_id=272#breadcrumb","itemListElement":[{"@type":"ListItem","position":1,"name":"Strona g\u0142\u00f3wna","item":"https:\/\/lo.radzanow.edu.pl\/"},{"@type":"ListItem","position":2,"name":"SZKOLNY RADIOW\u0118ZE\u0141"}]},{"@type":"WebSite","@id":"https:\/\/lo.radzanow.edu.pl\/#website","url":"https:\/\/lo.radzanow.edu.pl\/","name":"Liceum Og\u00f3lnokszta\u0142c\u0105ce w Radzanowie","description":"Poznaj szko\u0142\u0119, kt\u00f3ra jest drabin\u0105 do nowoczesnego \u015bwiata","publisher":{"@id":"https:\/\/lo.radzanow.edu.pl\/#organization"},"potentialAction":[{"@type":"SearchAction","target":{"@type":"EntryPoint","urlTemplate":"https:\/\/lo.radzanow.edu.pl\/?s={search_term_string}"},"query-input":"required name=search_term_string"}],"inLanguage":"en-US"},{"@type":"Organization","@id":"https:\/\/lo.radzanow.edu.pl\/#organization","name":"Liceum Og\u00f3lnokszta\u0142c\u0105ce w Radzanowie","url":"https:\/\/lo.radzanow.edu.pl\/","logo":{"@type":"ImageObject","inLanguage":"en-US","@id":"https:\/\/lo.radzanow.edu.pl\/#\/schema\/logo\/image\/","url":"https:\/\/lo.radzanow.edu.pl\/wp-content\/uploads\/2022\/04\/cropped-logo9.png","contentUrl":"https:\/\/lo.radzanow.edu.pl\/wp-content\/uploads\/2022\/04\/cropped-logo9.png","width":274,"height":52,"caption":"Liceum Og\u00f3lnokszta\u0142c\u0105ce w Radzanowie"},"image":{"@id":"https:\/\/lo.radzanow.edu.pl\/#\/schema\/logo\/image\/"},"sameAs":["https:\/\/www.instagram.com\/lo_radzanow\/","https:\/\/www.facebook.com\/loradzanow"]},{"@type":"Person","@id":"https:\/\/lo.radzanow.edu.pl\/#\/schema\/person\/b561cb48c33cafb7abfbc20a86cbe752","name":"loadmin","image":{"@type":"ImageObject","inLanguage":"en-US","@id":"https:\/\/lo.radzanow.edu.pl\/#\/schema\/person\/image\/","url":"https:\/\/secure.gravatar.com\/avatar\/9623853edc10af47936706dcb9b0679b7258b5abd97dae411023ec99439ff58d?s=96&d=mm&r=g","contentUrl":"https:\/\/secure.gravatar.com\/avatar\/9623853edc10af47936706dcb9b0679b7258b5abd97dae411023ec99439ff58d?s=96&d=mm&r=g","caption":"loadmin"},"sameAs":["http:\/\/lo.radzanow.edu.pl"],"url":"https:\/\/lo.radzanow.edu.pl\/?author=1"}]}},"_links":{"self":[{"href":"https:\/\/lo.radzanow.edu.pl\/index.php?rest_route=\/wp\/v2\/pages\/272","targetHints":{"allow":["GET"]}}],"collection":[{"href":"https:\/\/lo.radzanow.edu.pl\/index.php?rest_route=\/wp\/v2\/pages"}],"about":[{"href":"https:\/\/lo.radzanow.edu.pl\/index.php?rest_route=\/wp\/v2\/types\/page"}],"author":[{"embeddable":true,"href":"https:\/\/lo.radzanow.edu.pl\/index.php?rest_route=\/wp\/v2\/users\/1"}],"replies":[{"embeddable":true,"href":"https:\/\/lo.radzanow.edu.pl\/index.php?rest_route=%2Fwp%2Fv2%2Fcomments&post=272"}],"version-history":[{"count":3,"href":"https:\/\/lo.radzanow.edu.pl\/index.php?rest_route=\/wp\/v2\/pages\/272\/revisions"}],"predecessor-version":[{"id":278,"href":"https:\/\/lo.radzanow.edu.pl\/index.php?rest_route=\/wp\/v2\/pages\/272\/revisions\/278"}],"wp:attachment":[{"href":"https:\/\/lo.radzanow.edu.pl\/index.php?rest_route=%2Fwp%2Fv2%2Fmedia&parent=272"}],"curies":[{"name":"wp","href":"https:\/\/api.w.org\/{rel}","templated":true}]}}